{"id":1151,"date":"2021-01-06T14:33:38","date_gmt":"2021-01-06T14:33:38","guid":{"rendered":"http:\/\/www.leszkft.hu\/wordpress\/?page_id=1151"},"modified":"2021-01-06T14:33:38","modified_gmt":"2021-01-06T14:33:38","slug":"tarsashazkezeles-galeria","status":"publish","type":"page","link":"https:\/\/www.leszkft.hu\/wordpress\/tarsashazkezeles-galeria\/","title":{"rendered":"T\u00e1rsash\u00e1zkezel\u00e9s gal\u00e9ria"},"content":{"rendered":"<div id=\"metaslider-id-883\" style=\"width: 100%;\" class=\"ml-slider-3-108-0 metaslider metaslider-flex metaslider-883 ml-slider has-dots-nav ms-theme-default\" role=\"region\" aria-label=\"T\u00e1rsash\u00e1zkezel\u00e9s\" data-height=\"768\" data-width=\"1024\">\n    <div id=\"metaslider_container_883\">\n        <div id=\"metaslider_883\" class=\"flexslider\">\n            <ul class='slides'>\n                <li style=\"display: block; width: 100%;\" class=\"slide-1743 ms-image \" aria-roledescription=\"slide\" data-date=\"2021-10-26 09:57:32\" data-filename=\"20210506_082706-Kozepes-uj-564x423.jpg\" data-slide-type=\"image\"><img loading=\"lazy\" decoding=\"async\" src=\"https:\/\/www.leszkft.hu\/wordpress\/wp-content\/uploads\/2021\/10\/20210506_082706-Kozepes-uj-564x423.jpg\" height=\"768\" width=\"1024\" alt=\"\" class=\"slider-883 slide-1743 msDefaultImage\" title=\"20210506_082706 (K\u00f6zepes)-uj\" \/><\/li>\n                <li style=\"display: none; width: 100%;\" class=\"slide-1744 ms-image \" aria-roledescription=\"slide\" data-date=\"2021-10-26 09:57:32\" data-filename=\"20210506_084410-Kozepes-576x432.jpg\" data-slide-type=\"image\"><img loading=\"lazy\" decoding=\"async\" src=\"https:\/\/www.leszkft.hu\/wordpress\/wp-content\/uploads\/2021\/10\/20210506_084410-Kozepes-576x432.jpg\" height=\"768\" width=\"1024\" alt=\"\" class=\"slider-883 slide-1744 msDefaultImage\" title=\"20210506_084410 (K\u00f6zepes)\" \/><\/li>\n                <li style=\"display: none; width: 100%;\" class=\"slide-1745 ms-image \" aria-roledescription=\"slide\" data-date=\"2021-10-26 09:57:32\" data-filename=\"20210506_084325-Kozepes.jpg\" data-slide-type=\"image\"><img loading=\"lazy\" decoding=\"async\" src=\"https:\/\/www.leszkft.hu\/wordpress\/wp-content\/uploads\/2021\/10\/20210506_084325-Kozepes.jpg\" height=\"768\" width=\"1024\" alt=\"\" class=\"slider-883 slide-1745 msDefaultImage\" title=\"20210506_084325 (K\u00f6zepes)\" \/><\/li>\n                <li style=\"display: none; width: 100%;\" class=\"slide-1746 ms-image \" aria-roledescription=\"slide\" data-date=\"2021-10-26 09:57:32\" data-filename=\"20210506_084120-Kozepes.jpg\" data-slide-type=\"image\"><img loading=\"lazy\" decoding=\"async\" src=\"https:\/\/www.leszkft.hu\/wordpress\/wp-content\/uploads\/2021\/10\/20210506_084120-Kozepes.jpg\" height=\"768\" width=\"1024\" alt=\"\" class=\"slider-883 slide-1746 msDefaultImage\" title=\"20210506_084120 (K\u00f6zepes)\" \/><\/li>\n            <\/ul>\n        <\/div>\n        \n    <\/div>\n<\/div>\n","protected":false},"excerpt":{"rendered":"","protected":false},"author":1,"featured_media":0,"parent":0,"menu_order":0,"comment_status":"closed","ping_status":"closed","template":"","meta":{"footnotes":""},"class_list":["post-1151","page","type-page","status-publish","hentry"],"_links":{"self":[{"href":"https:\/\/www.leszkft.hu\/wordpress\/wp-json\/wp\/v2\/pages\/1151","targetHints":{"allow":["GET"]}}],"collection":[{"href":"https:\/\/www.leszkft.hu\/wordpress\/wp-json\/wp\/v2\/pages"}],"about":[{"href":"https:\/\/www.leszkft.hu\/wordpress\/wp-json\/wp\/v2\/types\/page"}],"author":[{"embeddable":true,"href":"https:\/\/www.leszkft.hu\/wordpress\/wp-json\/wp\/v2\/users\/1"}],"replies":[{"embeddable":true,"href":"https:\/\/www.leszkft.hu\/wordpress\/wp-json\/wp\/v2\/comments?post=1151"}],"version-history":[{"count":0,"href":"https:\/\/www.leszkft.hu\/wordpress\/wp-json\/wp\/v2\/pages\/1151\/revisions"}],"wp:attachment":[{"href":"https:\/\/www.leszkft.hu\/wordpress\/wp-json\/wp\/v2\/media?parent=1151"}],"curies":[{"name":"wp","href":"https:\/\/api.w.org\/{rel}","templated":true}]}}