{"id":1920,"date":"2022-10-10T07:15:58","date_gmt":"2022-10-10T07:15:58","guid":{"rendered":"https:\/\/www.leszkft.hu\/wordpress\/?page_id=1920"},"modified":"2024-04-16T18:31:01","modified_gmt":"2024-04-16T18:31:01","slug":"sajtohirek","status":"publish","type":"page","link":"https:\/\/www.leszkft.hu\/wordpress\/sajtohirek\/","title":{"rendered":"Sajt\u00f3h\u00edrek"},"content":{"rendered":"<p style=\"text-align: center;\"><em>Az al\u00e1bbi oldalon gy\u0171jtj\u00fck \u00f6ssze a c\u00e9ggel \u00e9s tev\u00e9kenys\u00e9geinkkel kapcsolatos sajt\u00f3megjelen\u00e9seket.<\/em><\/p>\n<p>2024.04. <a href=\"https:\/\/www.egerszegihirek.hu\/helyi-hirek\/megujult-a-tv-torony\" target=\"_blank\" rel=\"noopener\">Meg\u00fajult a TV-torony<\/a><\/p>\n<p>2023.10. <a href=\"https:\/\/www.zaol.hu\/helyi-kozelet\/2023\/10\/sajtotajekoztato-a-maria-kegyhelyrol\" target=\"_blank\" rel=\"noopener\">M\u00e1ria-eml\u00e9khelyet alak\u00edtottak ki Zalaegerszegen<\/a><\/p>\n<p>2023. 06. <a href=\"https:\/\/www.zaol.hu\/helyi-eletstilus\/2023\/06\/tolgyek-utjan-harom-utvonal-vezet-erdon-mezon\" target=\"_blank\" rel=\"noopener\">T\u00f6lgyek \u00fatj\u00e1n, h\u00e1rom \u00fatvonal vezet erd\u0151n-mez\u0151n<\/a><\/p>\n<p>2023. 05.\u00a0<a href=\"https:\/\/www.zalamedia.hu\/vezeto-hirek\/zold\/a-fa--es-az-erdotelepitest-jelkepezi\" target=\"_blank\" rel=\"noopener\">\u00daj F\u00e1s\u00edt\u00f3k szobrot \u00e1ll\u00edtottak fel a Zalav\u00f6lgyi Parkerd\u0151ben<\/a><\/p>\n<p>2023. 05.\u00a0<a href=\"https:\/\/www.egerszegihirek.hu\/helyi-hirek\/megujult-a-szobor-a-parkerdoben\" target=\"_blank\" rel=\"noopener\">Meg\u00fajult a szobor a Parkerd\u0151ben<\/a><\/p>\n<p>2023. 01. <a href=\"https:\/\/www.zaol.hu\/helyi-kozelet\/2023\/01\/kihivas-a-novekvo-koltsegek-kigazdalkodasa-a-lesz-kft-nel\" target=\"_blank\" rel=\"noopener\">Kih\u00edv\u00e1s a n\u00f6vekv\u0151 k\u00f6lts\u00e9gek kigazd\u00e1lkod\u00e1sa a L\u00c9SZ Kft.-n\u00e9l<\/a><\/p>\n<p>2022.10. <a href=\"https:\/\/www.zaol.hu\/helyi-kozelet\/2022\/10\/a-lesz-kft-altal-kezelt-hazak-tobbsegenel-nem-kell-emelt-arat-fizetni-az-energiaert\" target=\"_blank\" rel=\"noopener\">A L\u00c9SZ Kft. \u00e1ltal kezelt h\u00e1zak t\u00f6bbs\u00e9g\u00e9n\u00e9l nem kell emelt \u00e1rat fizetni az energi\u00e1\u00e9rt<\/a><\/p>\n<p>2022.05.\u00a0<a href=\"https:\/\/www.zaol.hu\/helyi-kozelet\/2022\/05\/romos-epulet-helyen-parkolo-82-millio-forintos-beruhazas-a-zalaegerszegi-belvarosban\" target=\"_blank\" rel=\"noopener\">Romos \u00e9p\u00fclet hely\u00e9n parkol\u00f3 \u2013 82 milli\u00f3 forintos beruh\u00e1z\u00e1s a zalaegerszegi belv\u00e1rosban<\/a><\/p>\n<p>2021.11.\u00a0<a href=\"https:\/\/www.zaol.hu\/helyi-kozelet\/2021\/11\/nem-emelik-a-dijakat-sajtotajekoztato-zalaegerszegen\" target=\"_blank\" rel=\"noopener\">Nem emelik a d\u00edjakat \u2013 Sajt\u00f3t\u00e1j\u00e9koztat\u00f3 Zalaegerszegen<\/a><\/p>\n<p>2021.04. <a href=\"https:\/\/www.zaol.hu\/helyi-kozelet\/2021\/04\/megaldottak-a-bazitai-keresztet\" target=\"_blank\" rel=\"noopener\">Meg\u00e1ldott\u00e1k a bazitai keresztet<\/a><\/p>\n<p>2020.11. <a href=\"https:\/\/www.zaol.hu\/helyi-kozelet\/2020\/01\/az-onkormanyzat-elfogadta-a-lesz-kft-elozetes-uzleti-tervet\" target=\"_blank\" rel=\"noopener\">Az \u00f6nkorm\u00e1nyzat elfogadta a L\u00e9sz Kft. el\u0151zetes \u00fczleti terv\u00e9t<\/a><\/p>\n<p>2020.05. <a href=\"https:\/\/www.zaol.hu\/helyi-gazdasag\/2020\/05\/a-zalaegerszegi-munkashotelben-is-erzodik-a-valsag\" target=\"_blank\" rel=\"noopener\">A zalaegerszegi munk\u00e1shotelben is \u00e9rz\u0151dik a v\u00e1ls\u00e1g<\/a><\/p>\n<p>2019.06.\u00a0<a href=\"https:\/\/www.zaol.hu\/helyi-gazdasag\/2019\/06\/nyereseggel-zarta-2018-at-az-onkormanyzati-lakaskezelo\" target=\"_blank\" rel=\"noopener\">Nyeres\u00e9ggel z\u00e1rta 2018-at az \u00f6nkorm\u00e1nyzati lak\u00e1skezel\u0151<\/a><\/p>\n<p>2019.05. <a href=\"https:\/\/www.zaol.hu\/helyi-kozelet\/2019\/05\/munkashotelt-adtak-at-zalaegerszegen\" target=\"_blank\" rel=\"noopener\">Munk\u00e1shotelt adtak \u00e1t Zalaegerszegen<\/a><\/p>\n<p>&nbsp;<\/p>\n","protected":false},"excerpt":{"rendered":"<p>Az al\u00e1bbi oldalon gy\u0171jtj\u00fck \u00f6ssze a c\u00e9ggel \u00e9s tev\u00e9kenys\u00e9geinkkel kapcsolatos sajt\u00f3megjelen\u00e9seket. 2024.04. Meg\u00fajult a TV-torony 2023.10. M\u00e1ria-eml\u00e9khelyet alak\u00edtottak ki Zalaegerszegen 2023. 06. T\u00f6lgyek \u00fatj\u00e1n, h\u00e1rom \u00fatvonal vezet erd\u0151n-mez\u0151n 2023. 05.\u00a0\u00daj F\u00e1s\u00edt\u00f3k szobrot \u00e1ll\u00edtottak fel a Zalav\u00f6lgyi Parkerd\u0151ben 2023. 05.\u00a0Meg\u00fajult a szobor a Parkerd\u0151ben 2023. 01. Kih\u00edv\u00e1s a n\u00f6vekv\u0151 k\u00f6lts\u00e9gek kigazd\u00e1lkod\u00e1sa a L\u00c9SZ Kft.-n\u00e9l 2022.10. A &hellip; <a href=\"https:\/\/www.leszkft.hu\/wordpress\/sajtohirek\/\" class=\"more-link\">Tov\u00e1bb olvasom: <span class=\"screen-reader-text\">Sajt\u00f3h\u00edrek<\/span><\/a><\/p>\n","protected":false},"author":1,"featured_media":0,"parent":0,"menu_order":0,"comment_status":"closed","ping_status":"closed","template":"","meta":{"footnotes":""},"class_list":["post-1920","page","type-page","status-publish","hentry"],"_links":{"self":[{"href":"https:\/\/www.leszkft.hu\/wordpress\/wp-json\/wp\/v2\/pages\/1920","targetHints":{"allow":["GET"]}}],"collection":[{"href":"https:\/\/www.leszkft.hu\/wordpress\/wp-json\/wp\/v2\/pages"}],"about":[{"href":"https:\/\/www.leszkft.hu\/wordpress\/wp-json\/wp\/v2\/types\/page"}],"author":[{"embeddable":true,"href":"https:\/\/www.leszkft.hu\/wordpress\/wp-json\/wp\/v2\/users\/1"}],"replies":[{"embeddable":true,"href":"https:\/\/www.leszkft.hu\/wordpress\/wp-json\/wp\/v2\/comments?post=1920"}],"version-history":[{"count":0,"href":"https:\/\/www.leszkft.hu\/wordpress\/wp-json\/wp\/v2\/pages\/1920\/revisions"}],"wp:attachment":[{"href":"https:\/\/www.leszkft.hu\/wordpress\/wp-json\/wp\/v2\/media?parent=1920"}],"curies":[{"name":"wp","href":"https:\/\/api.w.org\/{rel}","templated":true}]}}