{"id":2038,"date":"2023-10-11T12:02:20","date_gmt":"2023-10-11T12:02:20","guid":{"rendered":"https:\/\/www.leszkft.hu\/wordpress\/?page_id=2038"},"modified":"2023-10-25T15:34:41","modified_gmt":"2023-10-25T15:34:41","slug":"szerzodesek-keresheto-adatbazisa","status":"publish","type":"page","link":"https:\/\/www.leszkft.hu\/wordpress\/szerzodesek-keresheto-adatbazisa\/","title":{"rendered":"Kereshet\u0151 adatb\u00e1zis az 1 milli\u00f3 Ft nett\u00f3 \u00e9rt\u00e9ket meghalad\u00f3 szerz\u0151d\u00e9sekr\u0151l"},"content":{"rendered":"<div id=\"footable_parent_2040\"\n         class=\" footable_parent ninja_table_wrapper loading_ninja_table wp_table_data_press_parent semantic_ui colored_table\">\n                <table data-ninja_table_instance=\"ninja_table_instance_0\" data-footable_id=\"2040\" data-filter-delay=\"1000\"            id=\"footable_2040\"\n           data-unique_identifier=\"ninja_table_unique_id_3230067261_2040\"\n           class=\" foo-table ninja_footable foo_table_2040 ninja_table_unique_id_3230067261_2040 ui table  grey ninja_search_right nt_type_ajax_table selectable celled striped vertical_centered inverted footable-paging-right ninja_table_pro\">\n                    <caption>2021-2024. \u00e9vek. Rendez\u00e9shez kattinston a fejl\u00e9cre, vagy haszn\u00e1lja a keres\u0151t.<\/caption>\n                <colgroup>\n                            <col class=\"ninja_column_0 \">\n                            <col class=\"ninja_column_1 \">\n                            <col class=\"ninja_column_2 \">\n                            <col class=\"ninja_column_3 \">\n                            <col class=\"ninja_column_4 \">\n                            <col class=\"ninja_column_5 \">\n                    <\/colgroup>\n            <\/table>\n    \n    \n    \n<\/div>\n\n","protected":false},"excerpt":{"rendered":"","protected":false},"author":1,"featured_media":0,"parent":0,"menu_order":0,"comment_status":"closed","ping_status":"closed","template":"","meta":{"footnotes":""},"class_list":["post-2038","page","type-page","status-publish","hentry"],"_links":{"self":[{"href":"https:\/\/www.leszkft.hu\/wordpress\/wp-json\/wp\/v2\/pages\/2038","targetHints":{"allow":["GET"]}}],"collection":[{"href":"https:\/\/www.leszkft.hu\/wordpress\/wp-json\/wp\/v2\/pages"}],"about":[{"href":"https:\/\/www.leszkft.hu\/wordpress\/wp-json\/wp\/v2\/types\/page"}],"author":[{"embeddable":true,"href":"https:\/\/www.leszkft.hu\/wordpress\/wp-json\/wp\/v2\/users\/1"}],"replies":[{"embeddable":true,"href":"https:\/\/www.leszkft.hu\/wordpress\/wp-json\/wp\/v2\/comments?post=2038"}],"version-history":[{"count":0,"href":"https:\/\/www.leszkft.hu\/wordpress\/wp-json\/wp\/v2\/pages\/2038\/revisions"}],"wp:attachment":[{"href":"https:\/\/www.leszkft.hu\/wordpress\/wp-json\/wp\/v2\/media?parent=2038"}],"curies":[{"name":"wp","href":"https:\/\/api.w.org\/{rel}","templated":true}]}}