{"id":2359,"date":"2026-03-20T07:21:08","date_gmt":"2026-03-20T07:21:08","guid":{"rendered":"https:\/\/www.leszkft.hu\/wordpress\/?page_id=2359"},"modified":"2026-03-20T07:27:06","modified_gmt":"2026-03-20T07:27:06","slug":"cegbeszamoloval-kapcsolatos-kozzeteteli-dokumentumok","status":"publish","type":"page","link":"https:\/\/www.leszkft.hu\/wordpress\/cegbeszamoloval-kapcsolatos-kozzeteteli-dokumentumok\/","title":{"rendered":"C\u00e9gbesz\u00e1mol\u00f3val kapcsolatos k\u00f6zz\u00e9t\u00e9teli dokumentumok"},"content":{"rendered":"<table style=\"border-collapse: collapse; width: 100%; margin-top: 20px;\">\n<tbody>\n<tr>\n<td style=\"width: 25%; text-align: center;\"><\/td>\n<td style=\"width: 41.6666%; text-align: center;\"><strong>\u00dczleti terv<\/strong><\/td>\n<td style=\"width: 32.5662%; text-align: center;\"><strong>Besz\u00e1mol\u00f3 a gazd\u00e1lkod\u00e1sr\u00f3l<\/strong><\/td>\n<\/tr>\n<tr>\n<td style=\"width: 25%;\">2020.<\/td>\n<td style=\"width: 41.6666%;\"><a href=\"https:\/\/www.leszkft.hu\/wordpress\/wp-content\/uploads\/2023\/10\/LESZ-Kft.-2020-elozetes-terv.pdf\" target=\"_blank\" rel=\"noopener\">L\u00c9SZ Kft. 2020. \u00e9vi el\u0151zetes terv<\/a><\/p>\n<p><a href=\"https:\/\/www.leszkft.hu\/wordpress\/wp-content\/uploads\/2023\/10\/LESZ-Kft.-uzleti-terv-vegleges-2020.pdf\" target=\"_blank\" rel=\"noopener\">L\u00c9SZ Kft. \u00fczleti terv v\u00e9gleges 2020<\/a><\/td>\n<td style=\"width: 32.5662%;\"><a href=\"https:\/\/www.leszkft.hu\/wordpress\/wp-content\/uploads\/2023\/10\/LESZ-Kft.-beszamolo-2020.pdf\" target=\"_blank\" rel=\"noopener\">L\u00c9SZ Kft. besz\u00e1mol\u00f3 2020.<\/a><\/td>\n<\/tr>\n<tr>\n<td style=\"width: 25%;\">2021.<\/td>\n<td style=\"width: 41.6666%;\"><a href=\"https:\/\/www.leszkft.hu\/wordpress\/wp-content\/uploads\/2023\/10\/LESZ-Kft.-2021-elozetes-terv.pdf\" target=\"_blank\" rel=\"noopener\">L\u00c9SZ Kft. 2021. \u00e9vi el\u0151zetes terv<\/a><\/p>\n<p><a href=\"https:\/\/www.leszkft.hu\/wordpress\/wp-content\/uploads\/2023\/10\/LESZ-Kft.-uzleti-terv-vegleges-2021.pdf\" target=\"_blank\" rel=\"noopener\">L\u00c9SZ Kft. \u00fczleti terv v\u00e9gleges 2021<\/a><\/td>\n<td style=\"width: 32.5662%;\"><a href=\"https:\/\/www.leszkft.hu\/wordpress\/wp-content\/uploads\/2023\/10\/LESZ-Kft.-beszamolo-2021.pdf\" target=\"_blank\" rel=\"noopener\">L\u00c9SZ Kft. besz\u00e1mol\u00f3 2021.<\/a><\/td>\n<\/tr>\n<tr>\n<td style=\"width: 25%;\">2022.<\/td>\n<td style=\"width: 41.6666%;\"><a href=\"https:\/\/www.leszkft.hu\/wordpress\/wp-content\/uploads\/2023\/10\/LESZ-Kft.-2022-elozetes-terv.pdf\" target=\"_blank\" rel=\"noopener\">L\u00c9SZ Kft. 2022. \u00e9vi el\u0151zetes terv<\/a><\/p>\n<p><a href=\"https:\/\/www.leszkft.hu\/wordpress\/wp-content\/uploads\/2023\/10\/LESZ-Kft.-uzleti-terv-vegleges-2022.pdf\" target=\"_blank\" rel=\"noopener\">L\u00c9SZ Kft. \u00fczleti terv v\u00e9gleges 2022<\/a><\/td>\n<td style=\"width: 32.5662%;\"><a href=\"https:\/\/www.leszkft.hu\/wordpress\/wp-content\/uploads\/2023\/10\/LESZ-Kft.-beszamolo-2022.pdf\" target=\"_blank\" rel=\"noopener\">L\u00c9SZ Kft. besz\u00e1mol\u00f3 2022.<\/a><\/td>\n<\/tr>\n<tr>\n<td style=\"width: 25%;\">2023.<\/td>\n<td style=\"width: 41.6666%;\"><a href=\"https:\/\/www.leszkft.hu\/wordpress\/wp-content\/uploads\/2023\/10\/LESZ-Kft.-2023-elozetes-terv.pdf\" target=\"_blank\" rel=\"noopener\">L\u00c9SZ Kft. 2023. \u00e9vi el\u0151zetes terv<\/a><\/p>\n<p><a href=\"https:\/\/www.leszkft.hu\/wordpress\/wp-content\/uploads\/2023\/10\/LESZ-Kft.-uzleti-terv-vegleges-2023.pdf\" target=\"_blank\" rel=\"noopener\">L\u00c9SZ Kft. \u00fczleti terv v\u00e9gleges 2023<\/a><\/td>\n<td style=\"width: 32.5662%;\"><a href=\"https:\/\/www.leszkft.hu\/wordpress\/wp-content\/uploads\/2024\/10\/Beszamolo2023.pdf\" target=\"_blank\" rel=\"noopener\">L\u00c9SZ Kft. besz\u00e1mol\u00f3 2023.<\/a><\/td>\n<\/tr>\n<tr>\n<td style=\"width: 25%;\">2024.<\/td>\n<td style=\"width: 41.6666%;\"><a href=\"https:\/\/www.leszkft.hu\/wordpress\/wp-content\/uploads\/2025\/07\/LESZ-Kft.-2024-elozetes-terv.pdf\" target=\"_blank\" rel=\"noopener\">L\u00c9SZ Kft. 2024. \u00e9vi el\u0151zetes terv<\/a><\/p>\n<p><a href=\"https:\/\/www.leszkft.hu\/wordpress\/wp-content\/uploads\/2024\/10\/Uzleti2024.pdf\" target=\"_blank\" rel=\"noopener\">L\u00c9SZ Kft. \u00fczleti terv v\u00e9gleges 2024.<\/a><\/td>\n<td style=\"width: 32.5662%;\"><a href=\"https:\/\/www.leszkft.hu\/wordpress\/wp-content\/uploads\/2025\/07\/LESZ-Kft.-beszamolo-2024.pdf\" target=\"_blank\" rel=\"noopener\">L\u00c9SZ Kft. besz\u00e1mol\u00f3 2024.<\/a><\/td>\n<\/tr>\n<tr>\n<td style=\"width: 25%;\">2025.<\/td>\n<td style=\"width: 41.6666%;\"><a href=\"https:\/\/www.leszkft.hu\/wordpress\/wp-content\/uploads\/2025\/07\/LESZ-Kft.-2025-elozetes-terv.pdf\" target=\"_blank\" rel=\"noopener\">L\u00c9SZ Kft. 2025. \u00e9vi el\u0151zetes terv<\/a><\/p>\n<p><a href=\"https:\/\/www.leszkft.hu\/wordpress\/wp-content\/uploads\/2025\/07\/LESZ-Kft.-uzleti-terv-vegleges-2025.pdf\" target=\"_blank\" rel=\"noopener\">L\u00c9SZ Kft. \u00fczleti terv v\u00e9gleges 2025.<\/a><\/td>\n<td style=\"width: 32.5662%;\">2026. m\u00e1jusban fogadj\u00e1k el<\/td>\n<\/tr>\n<tr>\n<td style=\"width: 25%;\">2026.<\/td>\n<td style=\"width: 41.6666%;\"><a href=\"https:\/\/www.leszkft.hu\/wordpress\/wp-content\/uploads\/2026\/03\/lesz-kft.-2026-elozetes-terv.pdf\" target=\"_blank\" rel=\"noopener\">L\u00c9SZ Kft. 2026. \u00e9vi el\u0151zetes terv<\/a><\/td>\n<td style=\"width: 32.5662%;\">2027. m\u00e1jusban fogadj\u00e1k el<\/td>\n<\/tr>\n<\/tbody>\n<\/table>\n","protected":false},"excerpt":{"rendered":"<p>\u00dczleti terv Besz\u00e1mol\u00f3 a gazd\u00e1lkod\u00e1sr\u00f3l 2020. L\u00c9SZ Kft. 2020. \u00e9vi el\u0151zetes terv L\u00c9SZ Kft. \u00fczleti terv v\u00e9gleges 2020 L\u00c9SZ Kft. besz\u00e1mol\u00f3 2020. 2021. L\u00c9SZ Kft. 2021. \u00e9vi el\u0151zetes terv L\u00c9SZ Kft. \u00fczleti terv v\u00e9gleges 2021 L\u00c9SZ Kft. besz\u00e1mol\u00f3 2021. 2022. L\u00c9SZ Kft. 2022. \u00e9vi el\u0151zetes terv L\u00c9SZ Kft. \u00fczleti terv v\u00e9gleges 2022 L\u00c9SZ Kft. besz\u00e1mol\u00f3 &hellip; <a href=\"https:\/\/www.leszkft.hu\/wordpress\/cegbeszamoloval-kapcsolatos-kozzeteteli-dokumentumok\/\" class=\"more-link\">Tov\u00e1bb olvasom: <span class=\"screen-reader-text\">C\u00e9gbesz\u00e1mol\u00f3val kapcsolatos k\u00f6zz\u00e9t\u00e9teli dokumentumok<\/span><\/a><\/p>\n","protected":false},"author":1,"featured_media":0,"parent":0,"menu_order":0,"comment_status":"closed","ping_status":"closed","template":"","meta":{"footnotes":""},"class_list":["post-2359","page","type-page","status-publish","hentry"],"_links":{"self":[{"href":"https:\/\/www.leszkft.hu\/wordpress\/wp-json\/wp\/v2\/pages\/2359","targetHints":{"allow":["GET"]}}],"collection":[{"href":"https:\/\/www.leszkft.hu\/wordpress\/wp-json\/wp\/v2\/pages"}],"about":[{"href":"https:\/\/www.leszkft.hu\/wordpress\/wp-json\/wp\/v2\/types\/page"}],"author":[{"embeddable":true,"href":"https:\/\/www.leszkft.hu\/wordpress\/wp-json\/wp\/v2\/users\/1"}],"replies":[{"embeddable":true,"href":"https:\/\/www.leszkft.hu\/wordpress\/wp-json\/wp\/v2\/comments?post=2359"}],"version-history":[{"count":7,"href":"https:\/\/www.leszkft.hu\/wordpress\/wp-json\/wp\/v2\/pages\/2359\/revisions"}],"predecessor-version":[{"id":2369,"href":"https:\/\/www.leszkft.hu\/wordpress\/wp-json\/wp\/v2\/pages\/2359\/revisions\/2369"}],"wp:attachment":[{"href":"https:\/\/www.leszkft.hu\/wordpress\/wp-json\/wp\/v2\/media?parent=2359"}],"curies":[{"name":"wp","href":"https:\/\/api.w.org\/{rel}","templated":true}]}}