{"id":47,"date":"2020-11-09T14:27:10","date_gmt":"2020-11-09T14:27:10","guid":{"rendered":"http:\/\/www.leszkft.hu\/wordpress\/?page_id=47"},"modified":"2026-02-18T19:37:53","modified_gmt":"2026-02-18T19:37:53","slug":"lesz-kft","status":"publish","type":"page","link":"https:\/\/www.leszkft.hu\/wordpress\/","title":{"rendered":""},"content":{"rendered":"\r\n<div class=\"wp-block-group alignwide\">\r\n<div class=\"wp-block-group__inner-container is-layout-flow wp-block-group-is-layout-flow\">\r\n\r\n\r\n<p style=\"text-align: center;\"><img loading=\"lazy\" decoding=\"async\" class=\"aligncenter wp-image-2142 \" src=\"https:\/\/www.leszkft.hu\/wordpress\/wp-content\/uploads\/2024\/04\/lesz-kollazs-2-1-scaled.jpeg\" alt=\"\" width=\"368\" height=\"520\" srcset=\"https:\/\/www.leszkft.hu\/wordpress\/wp-content\/uploads\/2024\/04\/lesz-kollazs-2-1-scaled.jpeg 1810w, https:\/\/www.leszkft.hu\/wordpress\/wp-content\/uploads\/2024\/04\/lesz-kollazs-2-1-212x300.jpeg 212w, https:\/\/www.leszkft.hu\/wordpress\/wp-content\/uploads\/2024\/04\/lesz-kollazs-2-1-768x1086.jpeg 768w, https:\/\/www.leszkft.hu\/wordpress\/wp-content\/uploads\/2024\/04\/lesz-kollazs-2-1-724x1024.jpeg 724w, https:\/\/www.leszkft.hu\/wordpress\/wp-content\/uploads\/2024\/04\/lesz-kollazs-2-1-1086x1536.jpeg 1086w, https:\/\/www.leszkft.hu\/wordpress\/wp-content\/uploads\/2024\/04\/lesz-kollazs-2-1-1448x2048.jpeg 1448w\" sizes=\"auto, (max-width: 368px) 100vw, 368px\" \/><\/p>\r\n<ul class=\"wp-block-list\">\r\n<li>\u00d6NKORM\u00c1NYZATI INGATLANOK:\r\n<ul>\r\n<li>LAK\u00c1SOK KEZEL\u00c9SE, HELYIS\u00c9GEK B\u00c9RBEAD\u00c1SA, TV TORONY KEZEL\u00c9SE<\/li>\r\n<\/ul>\r\n<\/li>\r\n<li>\u00c9P\u00cdT\u0150IPARI TEV\u00c9KENYS\u00c9GEK:\r\n<ul>\r\n<li>FEL\u00daJ\u00cdT\u00c1S, KARBANTART\u00c1S, HIBAELH\u00c1R\u00cdT\u00c1S<\/li>\r\n<\/ul>\r\n<\/li>\r\n<li>T\u00c1RSASH\u00c1ZI K\u00d6Z\u00d6S K\u00c9PVISELET<\/li>\r\n<li>ZALAEGERSZEGI MUNK\u00c1SHOTEL \u00dcZEMELTET\u00c9SE<\/li>\r\n<li>T\u00c1RSASH\u00c1ZAK, INT\u00c9ZM\u00c9NYEK TAKAR\u00cdT\u00c1SA<\/li>\r\n<\/ul>\r\n\r\n\r\n<\/div>\r\n<\/div>\r\n\r\n\r\n<hr class=\"wp-block-separator\" \/>\r\n<p>\r\n\r\n<\/p>\r\n<p><strong>Legfrissebb h\u00edreink<\/strong>:<\/p>\r\n\r\n\r\n<ul class=\"wp-block-latest-posts__list wp-block-latest-posts\"><li><a class=\"wp-block-latest-posts__post-title\" href=\"https:\/\/www.leszkft.hu\/wordpress\/2026\/03\/tarsashazban-elok-mentalhigieniaja\/\">T\u00e1rsash\u00e1zban \u00e9l\u0151k ment\u00e1lhigi\u00e9ni\u00e1ja<\/a><\/li>\n<li><a class=\"wp-block-latest-posts__post-title\" href=\"https:\/\/www.leszkft.hu\/wordpress\/2026\/02\/megteveszto-telefonhivasokra-felhivas\/\">Megt\u00e9veszt\u0151 telefonh\u00edv\u00e1sokra felh\u00edv\u00e1s<\/a><\/li>\n<li><a class=\"wp-block-latest-posts__post-title\" href=\"https:\/\/www.leszkft.hu\/wordpress\/2026\/01\/tarsashazak-hoeltakaritasa\/\">T\u00e1rsash\u00e1zak k\u00f6rnyezet\u00e9nek h\u00f3eltakar\u00edt\u00e1sa<\/a><\/li>\n<li><a class=\"wp-block-latest-posts__post-title\" href=\"https:\/\/www.leszkft.hu\/wordpress\/2025\/09\/berelheto-helyisegpalyazat\/\">B\u00e9relhet\u0151 helyis\u00e9gp\u00e1ly\u00e1zat<\/a><\/li>\n<li><a class=\"wp-block-latest-posts__post-title\" href=\"https:\/\/www.leszkft.hu\/wordpress\/2025\/08\/aramszuneti-zarvatartas\/\">\u00c1ramsz\u00fcneti z\u00e1rvatart\u00e1s<\/a><\/li>\n<\/ul>\r\n\r\n","protected":false},"excerpt":{"rendered":"<p>\u00d6NKORM\u00c1NYZATI INGATLANOK: LAK\u00c1SOK KEZEL\u00c9SE, HELYIS\u00c9GEK B\u00c9RBEAD\u00c1SA, TV TORONY KEZEL\u00c9SE \u00c9P\u00cdT\u0150IPARI TEV\u00c9KENYS\u00c9GEK: FEL\u00daJ\u00cdT\u00c1S, KARBANTART\u00c1S, HIBAELH\u00c1R\u00cdT\u00c1S T\u00c1RSASH\u00c1ZI K\u00d6Z\u00d6S K\u00c9PVISELET ZALAEGERSZEGI MUNK\u00c1SHOTEL \u00dcZEMELTET\u00c9SE T\u00c1RSASH\u00c1ZAK, INT\u00c9ZM\u00c9NYEK TAKAR\u00cdT\u00c1SA Legfrissebb h\u00edreink:<\/p>\n","protected":false},"author":1,"featured_media":0,"parent":0,"menu_order":0,"comment_status":"closed","ping_status":"closed","template":"","meta":{"footnotes":""},"class_list":["post-47","page","type-page","status-publish","hentry"],"_links":{"self":[{"href":"https:\/\/www.leszkft.hu\/wordpress\/wp-json\/wp\/v2\/pages\/47","targetHints":{"allow":["GET"]}}],"collection":[{"href":"https:\/\/www.leszkft.hu\/wordpress\/wp-json\/wp\/v2\/pages"}],"about":[{"href":"https:\/\/www.leszkft.hu\/wordpress\/wp-json\/wp\/v2\/types\/page"}],"author":[{"embeddable":true,"href":"https:\/\/www.leszkft.hu\/wordpress\/wp-json\/wp\/v2\/users\/1"}],"replies":[{"embeddable":true,"href":"https:\/\/www.leszkft.hu\/wordpress\/wp-json\/wp\/v2\/comments?post=47"}],"version-history":[{"count":1,"href":"https:\/\/www.leszkft.hu\/wordpress\/wp-json\/wp\/v2\/pages\/47\/revisions"}],"predecessor-version":[{"id":2343,"href":"https:\/\/www.leszkft.hu\/wordpress\/wp-json\/wp\/v2\/pages\/47\/revisions\/2343"}],"wp:attachment":[{"href":"https:\/\/www.leszkft.hu\/wordpress\/wp-json\/wp\/v2\/media?parent=47"}],"curies":[{"name":"wp","href":"https:\/\/api.w.org\/{rel}","templated":true}]}}