{"id":593,"date":"2020-11-10T10:37:08","date_gmt":"2020-11-10T10:37:08","guid":{"rendered":"http:\/\/www.leszkft.hu\/wordpress\/?page_id=593"},"modified":"2023-12-27T18:25:31","modified_gmt":"2023-12-27T18:25:31","slug":"tarsashazi-ugyfelkapu","status":"publish","type":"page","link":"https:\/\/www.leszkft.hu\/wordpress\/tarsashazi-ugyfelkapu\/","title":{"rendered":""},"content":{"rendered":"\r\n<p>Az \u00e1ltalunk kezelt t\u00e1rsash\u00e1zak tulajdonosai 2013. m\u00e1jus\u00e1t\u00f3l Internet seg\u00edts\u00e9g\u00e9vel is t\u00e1j\u00e9koz\u00f3dhatnak befizet\u00e9seikr\u0151l, sz\u00e1mlaegyenleg\u00fckr\u0151l, a k\u00f6z\u00f6s k\u00f6lts\u00e9ggel kapcsolatos adatokr\u00f3l.<\/p>\r\n\r\n\r\n\r\n\r\n\r\n\r\n\r\n<p><strong>A 2021-es \u00e9vben bevezett\u00fck a t\u00e1voli m\u00e9r\u0151\u00f3ra bejelent\u00e9st is.<\/strong><\/p>\r\n\r\n\r\n\r\n<p><strong>Az adatokat folyamatosan friss\u00edtj\u00fck, a k\u00f6nyvel\u00e9s, folyamatosan online m\u00f3don t\u00f6rt\u00e9nik! Ez al\u00f3l kiv\u00e9telt k\u00e9peznek azok a t\u00e1rsash\u00e1zak, melyekhez a k\u00f6nyvel\u00e9si anyag, banksz\u00e1mla havonta \u00e9rkezik.<\/strong><\/p>\r\n\r\n\r\n\r\n<p>A szolg\u00e1ltat\u00e1s ig\u00e9nybev\u00e9tel\u00e9hez a \u201e<a href=\"https:\/\/leszkft.multihaz.hu\/\" target=\"_blank\" rel=\"noreferrer noopener\">T\u00c1RSASH\u00c1ZI \u00dcGYF\u00c9LKAPU<\/a>\u201d c\u00edm\u0171 linkre kell kattintani. Amennyiben m\u00e1r megadta az emailc\u00edm\u00e9t, \u00e9s els\u0151 alkalommal a lev\u00e9l alapj\u00e1n regisztr\u00e1lt, nincs tov\u00e1bbi teend\u0151je, ezent\u00fal itt tud bel\u00e9pni. <strong>Amennyiben neh\u00e9zs\u00e9ge ad\u00f3dik az \u00e1t\u00e1ll\u00e1ssal k\u00fcldj\u00f6n r\u00e9sz\u00fcnkre egy emailt \u00e9s seg\u00edt\u00fcnk a be\u00fczemel\u00e9sben!<\/strong><\/p>\r\n\r\n\r\n","protected":false},"excerpt":{"rendered":"<p>Az \u00e1ltalunk kezelt t\u00e1rsash\u00e1zak tulajdonosai 2013. m\u00e1jus\u00e1t\u00f3l Internet seg\u00edts\u00e9g\u00e9vel is t\u00e1j\u00e9koz\u00f3dhatnak befizet\u00e9seikr\u0151l, sz\u00e1mlaegyenleg\u00fckr\u0151l, a k\u00f6z\u00f6s k\u00f6lts\u00e9ggel kapcsolatos adatokr\u00f3l. A 2021-es \u00e9vben bevezett\u00fck a t\u00e1voli m\u00e9r\u0151\u00f3ra bejelent\u00e9st is. Az adatokat folyamatosan friss\u00edtj\u00fck, a k\u00f6nyvel\u00e9s, folyamatosan online m\u00f3don t\u00f6rt\u00e9nik! Ez al\u00f3l kiv\u00e9telt k\u00e9peznek azok a t\u00e1rsash\u00e1zak, melyekhez a k\u00f6nyvel\u00e9si anyag, banksz\u00e1mla havonta \u00e9rkezik. A szolg\u00e1ltat\u00e1s ig\u00e9nybev\u00e9tel\u00e9hez a &hellip; <a href=\"https:\/\/www.leszkft.hu\/wordpress\/tarsashazi-ugyfelkapu\/\" class=\"more-link\">Tov\u00e1bb olvasom: <span class=\"screen-reader-text\"><\/span><\/a><\/p>\n","protected":false},"author":1,"featured_media":0,"parent":0,"menu_order":0,"comment_status":"closed","ping_status":"closed","template":"","meta":{"footnotes":""},"class_list":["post-593","page","type-page","status-publish","hentry"],"_links":{"self":[{"href":"https:\/\/www.leszkft.hu\/wordpress\/wp-json\/wp\/v2\/pages\/593","targetHints":{"allow":["GET"]}}],"collection":[{"href":"https:\/\/www.leszkft.hu\/wordpress\/wp-json\/wp\/v2\/pages"}],"about":[{"href":"https:\/\/www.leszkft.hu\/wordpress\/wp-json\/wp\/v2\/types\/page"}],"author":[{"embeddable":true,"href":"https:\/\/www.leszkft.hu\/wordpress\/wp-json\/wp\/v2\/users\/1"}],"replies":[{"embeddable":true,"href":"https:\/\/www.leszkft.hu\/wordpress\/wp-json\/wp\/v2\/comments?post=593"}],"version-history":[{"count":0,"href":"https:\/\/www.leszkft.hu\/wordpress\/wp-json\/wp\/v2\/pages\/593\/revisions"}],"wp:attachment":[{"href":"https:\/\/www.leszkft.hu\/wordpress\/wp-json\/wp\/v2\/media?parent=593"}],"curies":[{"name":"wp","href":"https:\/\/api.w.org\/{rel}","templated":true}]}}