{"id":613,"date":"2020-11-10T10:44:27","date_gmt":"2020-11-10T10:44:27","guid":{"rendered":"http:\/\/www.leszkft.hu\/wordpress\/?page_id=613"},"modified":"2021-12-30T10:06:05","modified_gmt":"2021-12-30T10:06:05","slug":"felszereltseg","status":"publish","type":"page","link":"https:\/\/www.leszkft.hu\/wordpress\/felszereltseg\/","title":{"rendered":""},"content":{"rendered":"\r\n<h3 class=\"wp-block-heading\">A telephely \u00f6sszet\u00e9tele, felszerelts\u00e9ge:<\/h3>\r\n\r\n\r\n\r\n<p>A telephelyen a k\u00f6vetkez\u0151 m\u0171helyek, g\u00e9pek \u00e1llnak rendelkez\u00e9sre a munkav\u00e9gz\u00e9shez:<\/p>\r\n\r\n\r\n\r\n<figure class=\"wp-block-table\">\r\n<table>\r\n<tbody>\r\n<tr>\r\n<td>Teljes ter\u00fclet:<\/td>\r\n<td>7.224 m2<\/td>\r\n<\/tr>\r\n<tr>\r\n<td>Irod\u00e1k:<\/td>\r\n<td>520 m2<\/td>\r\n<\/tr>\r\n<tr>\r\n<td>\u00dat:<\/td>\r\n<td>291 m2<\/td>\r\n<\/tr>\r\n<tr>\r\n<td>Rakt\u00e1rak:<\/td>\r\n<td>660 m2<\/td>\r\n<\/tr>\r\n<tr>\r\n<td>M\u0171helyek (lakatos, asztalos, v\u00edzvezet\u00e9k szerel\u00e9s):<\/td>\r\n<td>1.176 m2<\/td>\r\n<\/tr>\r\n<tr>\r\n<td>Egy\u00e9b \u00e9p\u00fcletek (szoci\u00e1lis, gar\u00e1zsok, stb):<\/td>\r\n<td>671 m2<\/td>\r\n<\/tr>\r\n<tr>\r\n<td>G\u00e9pkocsik, kisteherg\u00e9pkocsik:<\/td>\r\n<td>7 db<\/td>\r\n<\/tr>\r\n<\/tbody>\r\n<\/table>\r\n<\/figure>\r\n\r\n\r\n\r\n<p><strong>Szabad m\u0171helyeinket, irodahelyis\u00e9geinket ig\u00e9ny szerint b\u00e9rbeadjuk c\u00e9geknek, mag\u00e1nszem\u00e9lyeknek! K\u00e9rj\u00fck, \u00e9rdekl\u0151dj\u00f6n el\u00e9rhet\u0151s\u00e9geinken!<\/strong><\/p>\r\n","protected":false},"excerpt":{"rendered":"<p>A telephely \u00f6sszet\u00e9tele, felszerelts\u00e9ge: A telephelyen a k\u00f6vetkez\u0151 m\u0171helyek, g\u00e9pek \u00e1llnak rendelkez\u00e9sre a munkav\u00e9gz\u00e9shez: Teljes ter\u00fclet: 7.224 m2 Irod\u00e1k: 520 m2 \u00dat: 291 m2 Rakt\u00e1rak: 660 m2 M\u0171helyek (lakatos, asztalos, v\u00edzvezet\u00e9k szerel\u00e9s): 1.176 m2 Egy\u00e9b \u00e9p\u00fcletek (szoci\u00e1lis, gar\u00e1zsok, stb): 671 m2 G\u00e9pkocsik, kisteherg\u00e9pkocsik: 7 db Szabad m\u0171helyeinket, irodahelyis\u00e9geinket ig\u00e9ny szerint b\u00e9rbeadjuk c\u00e9geknek, mag\u00e1nszem\u00e9lyeknek! K\u00e9rj\u00fck, \u00e9rdekl\u0151dj\u00f6n &hellip; <a href=\"https:\/\/www.leszkft.hu\/wordpress\/felszereltseg\/\" class=\"more-link\">Tov\u00e1bb olvasom: <span class=\"screen-reader-text\"><\/span><\/a><\/p>\n","protected":false},"author":1,"featured_media":0,"parent":0,"menu_order":0,"comment_status":"closed","ping_status":"closed","template":"","meta":{"footnotes":""},"class_list":["post-613","page","type-page","status-publish","hentry"],"_links":{"self":[{"href":"https:\/\/www.leszkft.hu\/wordpress\/wp-json\/wp\/v2\/pages\/613","targetHints":{"allow":["GET"]}}],"collection":[{"href":"https:\/\/www.leszkft.hu\/wordpress\/wp-json\/wp\/v2\/pages"}],"about":[{"href":"https:\/\/www.leszkft.hu\/wordpress\/wp-json\/wp\/v2\/types\/page"}],"author":[{"embeddable":true,"href":"https:\/\/www.leszkft.hu\/wordpress\/wp-json\/wp\/v2\/users\/1"}],"replies":[{"embeddable":true,"href":"https:\/\/www.leszkft.hu\/wordpress\/wp-json\/wp\/v2\/comments?post=613"}],"version-history":[{"count":0,"href":"https:\/\/www.leszkft.hu\/wordpress\/wp-json\/wp\/v2\/pages\/613\/revisions"}],"wp:attachment":[{"href":"https:\/\/www.leszkft.hu\/wordpress\/wp-json\/wp\/v2\/media?parent=613"}],"curies":[{"name":"wp","href":"https:\/\/api.w.org\/{rel}","templated":true}]}}