{"id":859,"date":"2020-11-13T08:20:38","date_gmt":"2020-11-13T08:20:38","guid":{"rendered":"http:\/\/www.leszkft.hu\/wordpress\/?page_id=859"},"modified":"2020-12-03T09:19:49","modified_gmt":"2020-12-03T09:19:49","slug":"epitogaleria","status":"publish","type":"page","link":"https:\/\/www.leszkft.hu\/wordpress\/epitogaleria\/","title":{"rendered":"\u00c9p\u00edt\u0151ipar gal\u00e9ria"},"content":{"rendered":"<form action=\"javascript:history.go(-1);\">\n<input type=submit value=\"Vissza\"><\/br><br \/>\n<\/form>\n<div id=\"metaslider-id-863\" style=\"width: 100%; margin: 0 auto;\" class=\"ml-slider-3-108-0 metaslider metaslider-flex metaslider-863 ml-slider has-dots-nav ms-theme-default\" role=\"region\" aria-label=\"\u00c9p\u00edt\u0151ipar\" data-height=\"768\" data-width=\"1024\">\n    <div id=\"metaslider_container_863\">\n        <div id=\"metaslider_863\" class=\"flexslider\">\n            <ul class='slides'>\n                <li style=\"display: block; width: 100%;\" class=\"slide-1769 ms-image \" aria-roledescription=\"slide\" data-date=\"2021-12-27 09:31:46\" data-filename=\"DSC04139.jpg\" data-slide-type=\"image\"><img loading=\"lazy\" decoding=\"async\" src=\"https:\/\/www.leszkft.hu\/wordpress\/wp-content\/uploads\/2021\/10\/DSC04139.jpg\" height=\"768\" width=\"1024\" alt=\"\" class=\"slider-863 slide-1769 msDefaultImage\" title=\"DSC04139\" \/><\/li>\n                <li style=\"display: none; width: 100%;\" class=\"slide-1770 ms-image \" aria-roledescription=\"slide\" data-date=\"2021-12-27 09:31:46\" data-filename=\"DSC02996-e1635241399871-768x576.jpg\" data-slide-type=\"image\"><img loading=\"lazy\" decoding=\"async\" src=\"https:\/\/www.leszkft.hu\/wordpress\/wp-content\/uploads\/2021\/10\/DSC02996-e1635241399871-768x576.jpg\" height=\"768\" width=\"1024\" alt=\"\" class=\"slider-863 slide-1770 msDefaultImage\" title=\"DSC02996\" \/><\/li>\n                <li style=\"display: none; width: 100%;\" class=\"slide-1771 ms-image \" aria-roledescription=\"slide\" data-date=\"2021-12-27 09:31:46\" data-filename=\"DSC02999-e1635241185409-768x576.jpg\" data-slide-type=\"image\"><img loading=\"lazy\" decoding=\"async\" src=\"https:\/\/www.leszkft.hu\/wordpress\/wp-content\/uploads\/2021\/10\/DSC02999-e1635241185409-768x576.jpg\" height=\"768\" width=\"1024\" alt=\"\" class=\"slider-863 slide-1771 msDefaultImage\" title=\"DSC02999\" \/><\/li>\n                <li style=\"display: none; width: 100%;\" class=\"slide-1772 ms-image \" aria-roledescription=\"slide\" data-date=\"2021-12-27 09:32:30\" data-filename=\"20210329_144328-1-scaled-1024x768.jpg\" data-slide-type=\"image\"><img loading=\"lazy\" decoding=\"async\" src=\"https:\/\/www.leszkft.hu\/wordpress\/wp-content\/uploads\/2021\/10\/20210329_144328-1-scaled-1024x768.jpg\" height=\"768\" width=\"1024\" alt=\"\" class=\"slider-863 slide-1772 msDefaultImage\" title=\"Bazita-kereszt\" \/><\/li>\n                <li style=\"display: none; width: 100%;\" class=\"slide-2289 ms-image \" aria-roledescription=\"slide\" data-date=\"2025-12-20 08:24:06\" data-filename=\"20250530_115304-scaled-1024x768.jpg\" data-slide-type=\"image\"><img loading=\"lazy\" decoding=\"async\" src=\"https:\/\/www.leszkft.hu\/wordpress\/wp-content\/uploads\/2025\/12\/20250530_115304-scaled-1024x768.jpg\" height=\"768\" width=\"1024\" alt=\"\" class=\"slider-863 slide-2289 msDefaultImage\" \/><\/li>\n                <li style=\"display: none; width: 100%;\" class=\"slide-1774 ms-image \" aria-roledescription=\"slide\" data-date=\"2021-12-27 09:32:30\" data-filename=\"DSC08238-Kozepes.jpg\" data-slide-type=\"image\"><img loading=\"lazy\" decoding=\"async\" src=\"https:\/\/www.leszkft.hu\/wordpress\/wp-content\/uploads\/2021\/10\/DSC08238-Kozepes.jpg\" height=\"768\" width=\"1024\" alt=\"\" class=\"slider-863 slide-1774 msDefaultImage\" title=\"DSC08238 (K\u00f6zepes)\" \/><\/li>\n                <li style=\"display: none; width: 100%;\" class=\"slide-1775 ms-image \" aria-roledescription=\"slide\" data-date=\"2021-12-27 09:32:30\" data-filename=\"DSC_0113-Kozepes-1024x768.jpg\" data-slide-type=\"image\"><img loading=\"lazy\" decoding=\"async\" src=\"https:\/\/www.leszkft.hu\/wordpress\/wp-content\/uploads\/2021\/10\/DSC_0113-Kozepes-1024x768.jpg\" height=\"768\" width=\"1024\" alt=\"\" class=\"slider-863 slide-1775 msDefaultImage\" title=\"DSC_0113 (K\u00f6zepes)\" \/><\/li>\n                <li style=\"display: none; width: 100%;\" class=\"slide-1768 ms-image \" aria-roledescription=\"slide\" data-date=\"2021-12-27 09:31:06\" data-filename=\"DSC_0112-Kozepes-1024x768.jpg\" data-slide-type=\"image\"><img loading=\"lazy\" decoding=\"async\" src=\"https:\/\/www.leszkft.hu\/wordpress\/wp-content\/uploads\/2021\/10\/DSC_0112-Kozepes-1024x768.jpg\" height=\"768\" width=\"1024\" alt=\"\" class=\"slider-863 slide-1768 msDefaultImage\" title=\"DSC_0112 (K\u00f6zepes)\" \/><\/li>\n            <\/ul>\n        <\/div>\n        \n    <\/div>\n<\/div>\n","protected":false},"excerpt":{"rendered":"","protected":false},"author":1,"featured_media":0,"parent":0,"menu_order":0,"comment_status":"closed","ping_status":"closed","template":"","meta":{"footnotes":""},"class_list":["post-859","page","type-page","status-publish","hentry"],"_links":{"self":[{"href":"https:\/\/www.leszkft.hu\/wordpress\/wp-json\/wp\/v2\/pages\/859","targetHints":{"allow":["GET"]}}],"collection":[{"href":"https:\/\/www.leszkft.hu\/wordpress\/wp-json\/wp\/v2\/pages"}],"about":[{"href":"https:\/\/www.leszkft.hu\/wordpress\/wp-json\/wp\/v2\/types\/page"}],"author":[{"embeddable":true,"href":"https:\/\/www.leszkft.hu\/wordpress\/wp-json\/wp\/v2\/users\/1"}],"replies":[{"embeddable":true,"href":"https:\/\/www.leszkft.hu\/wordpress\/wp-json\/wp\/v2\/comments?post=859"}],"version-history":[{"count":0,"href":"https:\/\/www.leszkft.hu\/wordpress\/wp-json\/wp\/v2\/pages\/859\/revisions"}],"wp:attachment":[{"href":"https:\/\/www.leszkft.hu\/wordpress\/wp-json\/wp\/v2\/media?parent=859"}],"curies":[{"name":"wp","href":"https:\/\/api.w.org\/{rel}","templated":true}]}}